{"id":494,"date":"2025-10-28T09:59:05","date_gmt":"2025-10-28T09:59:05","guid":{"rendered":"https:\/\/stage.dinhjalp.fi\/?page_id=494"},"modified":"2026-02-22T17:15:41","modified_gmt":"2026-02-22T17:15:41","slug":"tietosuojakaytanto","status":"publish","type":"page","link":"https:\/\/dinhjalp.fi\/fi\/tietosuojakaytanto\/","title":{"rendered":"Tietosuojak\u00e4yt\u00e4nt\u00f6"},"content":{"rendered":"\t\t<div data-elementor-type=\"wp-page\" data-elementor-id=\"494\" class=\"elementor elementor-494 elementor-3\" data-elementor-post-type=\"page\">\n\t\t\t\t<div class=\"elementor-element elementor-element-d62ae82 e-flex e-con-boxed e-con e-parent\" data-id=\"d62ae82\" data-element_type=\"container\" data-e-type=\"container\">\n\t\t\t\t\t<div class=\"e-con-inner\">\n\t\t\t\t<div class=\"elementor-element elementor-element-97c5635 elementor-widget elementor-widget-heading\" data-id=\"97c5635\" data-element_type=\"widget\" data-e-type=\"widget\" data-widget_type=\"heading.default\">\n\t\t\t\t\t<h2 class=\"elementor-heading-title elementor-size-default\">Tietosuojak\u00e4yt\u00e4nt\u00f6<\/h2>\t\t\t\t<\/div>\n\t\t\t\t<div class=\"elementor-element elementor-element-5ba222a elementor-widget elementor-widget-text-editor\" data-id=\"5ba222a\" data-element_type=\"widget\" data-e-type=\"widget\" data-widget_type=\"text-editor.default\">\n\t\t\t\t\t\t\t\t\t<div class=\"content\"><article class=\"container-full\"><div class=\"w-full\"><div class=\"content\"><div class=\"container mx-auto px-4 mb-10 flex flex-col items-center\"><div class=\"text-base text-body prose\"><p>T\u00e4m\u00e4 k\u00e4yt\u00e4nt\u00f6 selitt\u00e4\u00e4 miten Sinun Apusi k\u00e4sittelee henkil\u00f6tietoja ja mit\u00e4 oikeuksia sinulla kuluttajana on, EU:n tietosuoja-asetuksen 2016\/679 (GDPR) mukaan. Sinun Apusi on vastuussa kaikesta henkil\u00f6tietojen k\u00e4sittelyst\u00e4 toiminnassaan.  <\/p><h3>Mit\u00e4 henkil\u00f6tietoja k\u00e4sitell\u00e4\u00e4n<\/h3><p>Sinun Apusi k\u00e4sittelee henkil\u00f6tietoja, jotka v\u00e4lit\u00e4t suoraan tai ep\u00e4suoraan ollessasi yhteydess\u00e4 meihin, ostaessasi palveluita meilt\u00e4 tai vieraillessasi verkkosivustollamme. Tietyiss\u00e4 tapauksissa tietoa saadaan my\u00f6s viranomaisilta. Kyseess\u00e4 on useimmiten henkil\u00f6- ja yhteystiedot, kuten nimi, henkil\u00f6tunnus, osoite, s\u00e4hk\u00f6posti ja puhelinnumero.   <\/p><p>Muita k\u00e4sitelt\u00e4vi\u00e4 tietoja voivat olla tilitiedot, tiedot asiakassuhteesta ja Sinun Apusin kanssa toimiminen verkkosivustolla. IP-osoitetta, laitetietoa, alustaa, kieliasetusta, maantieteellist\u00e4 ja demografista asennoitumista voidaan my\u00f6s k\u00e4sitell\u00e4. Tietoja verkkosivuston k\u00e4ytt\u00f6tavasta ker\u00e4t\u00e4\u00e4n ev\u00e4steiden avulla, katso ev\u00e4stek\u00e4yt\u00e4nt\u00f6mme lis\u00e4tietoja varten.  <\/p><h3>Mihin henkil\u00f6tiedot k\u00e4ytet\u00e4\u00e4n<\/h3><p>Sinun Apusi k\u00e4sittelee henkil\u00f6tietoja l\u00e4hinn\u00e4 asiakassuhteiden yll\u00e4pit\u00e4miseksi, yhteydenottojen hoitamiseksi esimerkiksi tiedusteluja varten, palveluiden toimitusta ja lains\u00e4\u00e4d\u00e4nn\u00f6n noudattamista varten. Tietoja k\u00e4sitell\u00e4\u00e4n my\u00f6s markkinointi-, myynti- ja tilastotarkoituksiin, muun muassa toiminnan valvontaa ja kehitt\u00e4mist\u00e4 varten. <\/p><p>Kaikki Sinun Apusin k\u00e4sittelem\u00e4t henkil\u00f6tiedot ovat yhteen tai useampaan yll\u00e4 olevaan tarkoitukseen. K\u00e4sittelylle tulee olla laillinen peruste, sopimus, suostumus tai lakis\u00e4\u00e4teinen velvoite. Ainoastaan tiettyyn tarkoitukseen tarvittavia henkil\u00f6tietoja tulee k\u00e4sitell\u00e4.  <\/p><h3>Kenen kanssa jaamme henkil\u00f6tietoja<\/h3><p>Sinun Apusi saattaa jakaa tietoja valittujen kolmansien osapuolten kanssa valvotuissa muodoissa, jotta tietojasi k\u00e4sitell\u00e4\u00e4n turvallisesti. N\u00e4m\u00e4 kolmannet osapuolet voivat olla toimittajia ja viranomaisia. Tietoja ei myyd\u00e4 eik\u00e4 luovuteta ilman syyt\u00e4.  <\/p><h3>Miss\u00e4 henkil\u00f6tietoja k\u00e4sitell\u00e4\u00e4n<\/h3><p>Sinun Apusi k\u00e4sittelee henkil\u00f6tietoja ainoastaan EU\/EES:n sis\u00e4ll\u00e4.<\/p><h3>Kuinka kauan s\u00e4ilyt\u00e4mme henkil\u00f6tietoja<\/h3><p>Sinun Apusi s\u00e4ilytt\u00e4\u00e4 henkil\u00f6tietoja ainoastaan niin kauan, kuin niit\u00e4 tarvitaan voidaksemme t\u00e4ytt\u00e4\u00e4 velvollisuutemme sinua kohtaan, ja niin kauan kuin tietoja tulee s\u00e4ilytt\u00e4\u00e4 s\u00e4ilytysaikojen ja muiden lainmukaisten k\u00e4ytt\u00f6tarkoitusten mukaan.<\/p><h3>Miten henkil\u00f6tietoja suojataan<\/h3><p>Sinun Apusi suojaa henkil\u00f6tietoja asianmukaisilla teknisill\u00e4 ja organisatorisilla toimenpiteill\u00e4. P\u00e4\u00e4sy s\u00e4hk\u00f6isesti k\u00e4sitelt\u00e4viin tietoihin on rajattu siten, ett\u00e4 ainoastaan hyv\u00e4ksytyt p\u00e4\u00e4sev\u00e4t tietoihin sis\u00e4\u00e4nkirjautumisen kautta, salausta k\u00e4ytet\u00e4\u00e4n tarvittaessa ja tiedot on suojattu asianmukaisin tietoturvamenetelmin. Suojaustaso vastaa tietojen arkaluonteisuutta ja k\u00e4yt\u00f6n riski\u00e4.   <\/p><h3>Oikeudet<\/h3><p>EU:n tietosuoja-asetuksen mukaan sinulla on oikeus saada p\u00e4\u00e4sy henkil\u00f6tietoihin, joita Sinun Apusi sinusta k\u00e4sittelee, ja mahdollisuus oikaista tiedot, mik\u00e4li ne ovat virheellisi\u00e4. Sinulla on my\u00f6s oikeus pyyt\u00e4\u00e4 tulla poistetuksi j\u00e4rjestelm\u00e4st\u00e4mme, jos tietoja ei en\u00e4\u00e4 tarvita siihen tarkoitukseen mihin ne ker\u00e4ttiin. Joissakin tapauksissa lains\u00e4\u00e4d\u00e4nt\u00f6 voi vaatia, ett\u00e4 tieto j\u00e4\u00e4, esimerkiksi kirjanpito- tai verotarkoituksiin, jolloin tietoja voidaan rajoittaa olemaan k\u00e4ytett\u00e4viss\u00e4 ainoastaan n\u00e4ihin tarkoituksiin. Mik\u00e4li tietoja k\u00e4sitell\u00e4\u00e4n suostumuksesi perusteella, sinulla on oikeus peruuttaa suostumuksesi. Sinulla on my\u00f6s oikeus valittaa valvontaviranomaiselle, mik\u00e4li Sinun Apusi ei ole noudattanut sovellettavaa tietosuojas\u00e4\u00e4nn\u00f6st\u00f6\u00e4. Katso alla olevat yhteystiedot koskien henkil\u00f6tietojesi k\u00e4sittely\u00e4 meill\u00e4.     <\/p><h3>Yhteystiedot<\/h3><p>Kysymykset koskien Sinun Apusin henkil\u00f6tietok\u00e4sittely\u00e4 osoitetaan:<\/p><p>Rekisterinpit\u00e4j\u00e4<br><strong>Din Hj\u00e4lp Ab, N\u00e4rpes (2855813-7)<\/strong><\/p><p>Puh. <span class=\"whitespace-nowrap\">050 542 2283<\/span><br><span class=\"material-icons material-icons-outlined\">S-posti: <\/span>mail<a class=\"spamspan\" href=\"mailto:sofia.ek@dinhjalp.fi\">sofia.ek@dinhjalp.fi<\/a><\/p><p>Osoite:<br>N\u00e4rpi\u00f6ntie 11,<br>64200 N\u00e4rpi\u00f6<\/p><p> <\/p><p><em>Tietosuojak\u00e4yt\u00e4nt\u00f6 p\u00e4ivitettiin 01.02.2024<br><br><\/em><\/p><\/div><\/div><\/div><\/div><\/article><\/div><div class=\"footer w-full text-white relative z-10 mt-auto\"><div class=\"px-4 py-8 bg-primary\"><div class=\"container mx-auto max-w-screen-xl flex flex-col lg:flex-row\"><div class=\"lg p-4\"> <\/div><\/div><\/div><\/div>\t\t\t\t\t\t\t\t<\/div>\n\t\t\t\t\t<\/div>\n\t\t\t\t<\/div>\n\t\t\t\t<\/div>\n\t\t","protected":false},"excerpt":{"rendered":"<p>Tietosuojak\u00e4yt\u00e4nt\u00f6 T\u00e4m\u00e4 k\u00e4yt\u00e4nt\u00f6 selitt\u00e4\u00e4 miten Sinun Apusi k\u00e4sittelee henkil\u00f6tietoja ja mit\u00e4 oikeuksia sinulla kuluttajana on, EU:n tietosuoja-asetuksen 2016\/679 (GDPR) mukaan. Sinun Apusi on vastuussa kaikesta henkil\u00f6tietojen k\u00e4sittelyst\u00e4 toiminnassaan. Mit\u00e4 henkil\u00f6tietoja k\u00e4sitell\u00e4\u00e4n Sinun Apusi k\u00e4sittelee henkil\u00f6tietoja, jotka v\u00e4lit\u00e4t suoraan tai ep\u00e4suoraan ollessasi yhteydess\u00e4 meihin, ostaessasi palveluita meilt\u00e4 tai vieraillessasi verkkosivustollamme. Tietyiss\u00e4 tapauksissa tietoa saadaan my\u00f6s viranomaisilta. [&hellip;]<\/p>\n","protected":false},"author":1,"featured_media":0,"parent":0,"menu_order":0,"comment_status":"closed","ping_status":"closed","template":"","meta":{"footnotes":""},"class_list":["post-494","page","type-page","status-publish","hentry"],"_links":{"self":[{"href":"https:\/\/dinhjalp.fi\/fi\/wp-json\/wp\/v2\/pages\/494","targetHints":{"allow":["GET"]}}],"collection":[{"href":"https:\/\/dinhjalp.fi\/fi\/wp-json\/wp\/v2\/pages"}],"about":[{"href":"https:\/\/dinhjalp.fi\/fi\/wp-json\/wp\/v2\/types\/page"}],"author":[{"embeddable":true,"href":"https:\/\/dinhjalp.fi\/fi\/wp-json\/wp\/v2\/users\/1"}],"replies":[{"embeddable":true,"href":"https:\/\/dinhjalp.fi\/fi\/wp-json\/wp\/v2\/comments?post=494"}],"version-history":[{"count":1,"href":"https:\/\/dinhjalp.fi\/fi\/wp-json\/wp\/v2\/pages\/494\/revisions"}],"predecessor-version":[{"id":495,"href":"https:\/\/dinhjalp.fi\/fi\/wp-json\/wp\/v2\/pages\/494\/revisions\/495"}],"wp:attachment":[{"href":"https:\/\/dinhjalp.fi\/fi\/wp-json\/wp\/v2\/media?parent=494"}],"curies":[{"name":"wp","href":"https:\/\/api.w.org\/{rel}","templated":true}]}}