{"id":629,"date":"2025-11-12T16:52:44","date_gmt":"2025-11-12T16:52:44","guid":{"rendered":"https:\/\/stage.dinhjalp.fi\/meista\/"},"modified":"2026-03-26T10:32:57","modified_gmt":"2026-03-26T10:32:57","slug":"meista","status":"publish","type":"page","link":"https:\/\/dinhjalp.fi\/fi\/meista\/","title":{"rendered":"Meist\u00e4"},"content":{"rendered":"\t\t<div data-elementor-type=\"wp-page\" data-elementor-id=\"629\" class=\"elementor elementor-629 elementor-136\" data-elementor-post-type=\"page\">\n\t\t\t\t<div class=\"elementor-element elementor-element-aa93bf5 e-flex e-con-boxed e-con e-parent\" data-id=\"aa93bf5\" data-element_type=\"container\" data-e-type=\"container\" data-settings=\"{&quot;background_background&quot;:&quot;classic&quot;}\">\n\t\t\t\t\t<div class=\"e-con-inner\">\n\t\t\t\t<div class=\"elementor-element elementor-element-1d697bf elementor-widget elementor-widget-heading\" data-id=\"1d697bf\" data-element_type=\"widget\" data-e-type=\"widget\" data-widget_type=\"heading.default\">\n\t\t\t\t\t<h1 class=\"elementor-heading-title elementor-size-default\">Meist\u00e4<\/h1>\t\t\t\t<\/div>\n\t\t\t\t<div class=\"elementor-element elementor-element-37754ab elementor-widget elementor-widget-text-editor\" data-id=\"37754ab\" data-element_type=\"widget\" data-e-type=\"widget\" data-widget_type=\"text-editor.default\">\n\t\t\t\t\t\t\t\t\t<p>Sinun Apusi on paikallinen terveys- ja hoivayritys, jolla on vastaanotto N\u00e4rpi\u00f6ss\u00e4. Nykyisin ty\u00f6llist\u00e4mme noin 15 sitoutunutta ty\u00f6ntekij\u00e4\u00e4 ja tarjoamme hoivapalveluja, joissa painotetaan laatua, saavutettavuutta ja henkil\u00f6kohtaista palvelua. <\/p><p>Toiminta alkoi alun perin ty\u00f6voiman vuokraukseen ja kotihoitoon keskittyen. Vuosien varrella toiminta on kasvanut alueen tarpeiden mukaan. Ensin lis\u00e4ttiin kotisairaanhoito, sen j\u00e4lkeen ty\u00f6terveyshuolto, sairaanhoitovastaanotto ja laboratoriopalvelut. Vuonna 2024 laajensimme palveluja yksityisell\u00e4 l\u00e4\u00e4k\u00e4ripalvelulla, jossa oma yleisl\u00e4\u00e4k\u00e4rimme ja keuhkosairauksien erikoisl\u00e4\u00e4k\u00e4rimme Peter Riddar ottaa vastaan arkisin.   <\/p>\t\t\t\t\t\t\t\t<\/div>\n\t\t\t\t\t<\/div>\n\t\t\t\t<\/div>\n\t\t<div class=\"elementor-element elementor-element-daa74f3 e-flex e-con-boxed e-con e-parent\" data-id=\"daa74f3\" data-element_type=\"container\" data-e-type=\"container\" data-settings=\"{&quot;background_background&quot;:&quot;classic&quot;}\">\n\t\t\t\t\t<div class=\"e-con-inner\">\n\t\t<div class=\"elementor-element elementor-element-07e5a36 e-con-full e-flex e-con e-child\" data-id=\"07e5a36\" data-element_type=\"container\" data-e-type=\"container\" data-settings=\"{&quot;background_background&quot;:&quot;classic&quot;}\">\n\t\t\t\t<\/div>\n\t\t\t\t\t<\/div>\n\t\t\t\t<\/div>\n\t\t<div class=\"elementor-element elementor-element-5d26c1e e-flex e-con-boxed e-con e-parent\" data-id=\"5d26c1e\" data-element_type=\"container\" data-e-type=\"container\" data-settings=\"{&quot;background_background&quot;:&quot;classic&quot;}\">\n\t\t\t\t\t<div class=\"e-con-inner\">\n\t\t<div class=\"elementor-element elementor-element-2cc50e3 e-con-full e-flex e-con e-child\" data-id=\"2cc50e3\" data-element_type=\"container\" data-e-type=\"container\" data-settings=\"{&quot;background_background&quot;:&quot;classic&quot;}\">\n\t\t\t\t<\/div>\n\t\t<div class=\"elementor-element elementor-element-4c87227 e-con-full e-flex e-con e-child\" data-id=\"4c87227\" data-element_type=\"container\" data-e-type=\"container\" data-settings=\"{&quot;background_background&quot;:&quot;classic&quot;}\">\n\t\t\t\t<div class=\"elementor-element elementor-element-37c7863 elementor-widget elementor-widget-text-editor\" data-id=\"37c7863\" data-element_type=\"widget\" data-e-type=\"widget\" data-widget_type=\"text-editor.default\">\n\t\t\t\t\t\t\t\t\t<p>Tavoitteemme on alusta alkaen ollut sama: tarjota turvallista, ammattimaista ja helposti saavutettavaa hoitoa, jossa ihminen on keski\u00f6ss\u00e4. Haluamme olla vaihtoehto, jossa apu saadaan nopeasti ja yhteydenpito tuntuu henkil\u00f6kohtaiselta, olipa kyse yksityishenkil\u00f6ist\u00e4, yrityksist\u00e4 tai kotihoidon asiakkaista. <\/p><p>Ammattilaistemme tiiviin yhteisty\u00f6n ja kokonaisvaltaisen terveydenhuollon ajattelun avulla voimme tarjota sujuvia ratkaisuja, lyhyit\u00e4 odotusaikoja ja korkealaatuista hoitoa. Meille on t\u00e4rke\u00e4\u00e4, ett\u00e4 asiakkaat kokevat olonsa hyvin kohdelluiksi ja turvallisiksi koko hoitoketjun ajan. <\/p>\t\t\t\t\t\t\t\t<\/div>\n\t\t\t\t<\/div>\n\t\t\t\t\t<\/div>\n\t\t\t\t<\/div>\n\t\t<div class=\"elementor-element elementor-element-221ffbc e-flex e-con-boxed e-con e-parent\" data-id=\"221ffbc\" data-element_type=\"container\" data-e-type=\"container\" data-settings=\"{&quot;background_background&quot;:&quot;classic&quot;}\">\n\t\t\t\t\t<div class=\"e-con-inner\">\n\t\t\t\t<div class=\"elementor-element elementor-element-4384471 elementor-widget elementor-widget-heading\" data-id=\"4384471\" data-element_type=\"widget\" data-e-type=\"widget\" data-widget_type=\"heading.default\">\n\t\t\t\t\t<h3 class=\"elementor-heading-title elementor-size-default\">Avoimet ty\u00f6paikat\n<\/h3>\t\t\t\t<\/div>\n\t\t\t\t<div class=\"elementor-element elementor-element-ecd9fa3 elementor-widget__width-initial elementor-widget elementor-widget-text-editor\" data-id=\"ecd9fa3\" data-element_type=\"widget\" data-e-type=\"widget\" data-widget_type=\"text-editor.default\">\n\t\t\t\t\t\t\t\t\t<p>Haluatko olla osa sitoutunutta tiimi\u00e4 terveydenhuollon alalla? Sinun Apusi N\u00e4rpi\u00f6ss\u00e4 teemme tiivist\u00e4 yhteisty\u00f6t\u00e4 ja asetamme aina henkil\u00f6kohtaisen palvelun ja laadun etusijalle. <\/p><p>Haemme s\u00e4\u00e4nn\u00f6llisesti l\u00e4hihoitajia, sairaanhoitajia, terveydenhoitajia ja l\u00e4\u00e4k\u00e4reit\u00e4 liittym\u00e4\u00e4n tiimiimme. Vaikka meill\u00e4 ei aina olisi avoimia paikkoja, voit aina l\u00e4hett\u00e4\u00e4 avoimen hakemuksen. Otamme yhteytt\u00e4, kun sopiva mahdollisuus ilmenee!  <\/p><p>T\u00e4yt\u00e4 lomake ottaaksesi yhteytt\u00e4 tai soita Mikaela Lundellille, 045 197 8682 tai Mikaela Wikmanille, 050 348 2890<\/p><p> <\/p>\t\t\t\t\t\t\t\t<\/div>\n\t\t<div class=\"elementor-element elementor-element-89cf841 e-con-full e-flex e-con e-child\" data-id=\"89cf841\" data-element_type=\"container\" data-e-type=\"container\" data-settings=\"{&quot;background_background&quot;:&quot;classic&quot;}\">\n\t\t\t\t<div class=\"elementor-element elementor-element-5f30503 elementor-button-align-start elementor-widget__width-initial elementor-widget elementor-widget-form\" data-id=\"5f30503\" data-element_type=\"widget\" data-e-type=\"widget\" data-settings=\"{&quot;step_next_label&quot;:&quot;Seuraava&quot;,&quot;step_previous_label&quot;:&quot;Edellinen&quot;,&quot;button_width&quot;:&quot;100&quot;,&quot;step_type&quot;:&quot;number_text&quot;,&quot;step_icon_shape&quot;:&quot;circle&quot;}\" data-widget_type=\"form.default\">\n\t\t\t\t\t\t\t<form class=\"elementor-form\" method=\"post\" name=\"Lomake\" aria-label=\"Lomake\">\n\t\t\t<input type=\"hidden\" name=\"post_id\" value=\"629\"\/>\n\t\t\t<input type=\"hidden\" name=\"form_id\" value=\"5f30503\"\/>\n\t\t\t<input type=\"hidden\" name=\"referer_title\" value=\"Meist\u00e4\" \/>\n\n\t\t\t\t\t\t\t<input type=\"hidden\" name=\"queried_id\" value=\"629\"\/>\n\t\t\t\n\t\t\t<div class=\"elementor-form-fields-wrapper elementor-labels-\">\n\t\t\t\t\t\t\t\t<div class=\"elementor-field-type-text elementor-field-group elementor-column elementor-field-group-name elementor-col-100\">\n\t\t\t\t\t\t\t\t\t\t\t\t<label for=\"form-field-name\" class=\"elementor-field-label elementor-screen-only\">\n\t\t\t\t\t\t\t\tNimi\t\t\t\t\t\t\t<\/label>\n\t\t\t\t\t\t\t\t\t\t\t\t\t\t<input size=\"1\" type=\"text\" name=\"form_fields[name]\" id=\"form-field-name\" class=\"elementor-field elementor-size-sm  elementor-field-textual\" placeholder=\"Nimi\">\n\t\t\t\t\t\t\t\t\t\t\t<\/div>\n\t\t\t\t\t\t\t\t<div class=\"elementor-field-type-email elementor-field-group elementor-column elementor-field-group-email elementor-col-50 elementor-field-required\">\n\t\t\t\t\t\t\t\t\t\t\t\t<label for=\"form-field-email\" class=\"elementor-field-label elementor-screen-only\">\n\t\t\t\t\t\t\t\tS\u00e4hk\u00f6posti\t\t\t\t\t\t\t<\/label>\n\t\t\t\t\t\t\t\t\t\t\t\t\t\t<input size=\"1\" type=\"email\" name=\"form_fields[email]\" id=\"form-field-email\" class=\"elementor-field elementor-size-sm  elementor-field-textual\" placeholder=\"S\u00e4hk\u00f6posti\" required=\"required\">\n\t\t\t\t\t\t\t\t\t\t\t<\/div>\n\t\t\t\t\t\t\t\t<div class=\"elementor-field-type-tel elementor-field-group elementor-column elementor-field-group-email elementor-col-50 elementor-field-required\">\n\t\t\t\t\t\t\t\t\t\t\t\t<label for=\"form-field-email\" class=\"elementor-field-label elementor-screen-only\">\n\t\t\t\t\t\t\t\tPuhelinnumero\t\t\t\t\t\t\t<\/label>\n\t\t\t\t\t\t\t\t<input size=\"1\" type=\"tel\" name=\"form_fields[email]\" id=\"form-field-email\" class=\"elementor-field elementor-size-sm  elementor-field-textual\" placeholder=\"Puhelinnumero\" required=\"required\" pattern=\"[0-9()#&amp;+*-=.]+\" title=\"Only numbers and phone characters (#, -, *, etc) are accepted.\">\n\n\t\t\t\t\t\t<\/div>\n\t\t\t\t\t\t\t\t<div class=\"elementor-field-type-textarea elementor-field-group elementor-column elementor-field-group-message elementor-col-100\">\n\t\t\t\t\t\t\t\t\t\t\t\t<label for=\"form-field-message\" class=\"elementor-field-label elementor-screen-only\">\n\t\t\t\t\t\t\t\tViesti\t\t\t\t\t\t\t<\/label>\n\t\t\t\t\t\t<textarea class=\"elementor-field-textual elementor-field  elementor-size-sm\" name=\"form_fields[message]\" id=\"form-field-message\" rows=\"4\" placeholder=\"Viesti\"><\/textarea>\t\t\t\t<\/div>\n\t\t\t\t\t\t\t\t<div class=\"elementor-field-type-acceptance elementor-field-group elementor-column elementor-field-group-field_2c2e920 elementor-col-100\">\n\t\t\t\t\t\t\t<div class=\"elementor-field-subgroup\">\n\t\t\t<span class=\"elementor-field-option\">\n\t\t\t\t<input type=\"checkbox\" name=\"form_fields[field_2c2e920]\" id=\"form-field-field_2c2e920\" class=\"elementor-field elementor-size-sm  elementor-acceptance-field\">\n\t\t\t\t<label for=\"form-field-field_2c2e920\">Hyv\u00e4ksyn tietosuojak\u00e4yt\u00e4nn\u00f6n.<\/label>\t\t\t<\/span>\n\t\t<\/div>\n\t\t\t\t\t\t<\/div>\n\t\t\t\t\t\t\t\t<div class=\"elementor-field-type-html elementor-field-group elementor-column elementor-field-group-field_e07c569 elementor-col-100\">\n\t\t\t\t\t<a href=\"https:\/\/dinhjalp.fi\/fi\/tietosuojakaytanto\/\">Tietosuojak\u00e4yt\u00e4nt\u00f6<\/a>\t\t\t\t<\/div>\n\t\t\t\t\t\t\t\t<div class=\"elementor-field-group elementor-column elementor-field-type-submit elementor-col-100 e-form__buttons\">\n\t\t\t\t\t<button class=\"elementor-button elementor-size-sm\" type=\"submit\">\n\t\t\t\t\t\t<span class=\"elementor-button-content-wrapper\">\n\t\t\t\t\t\t\t\t\t\t\t\t\t\t\t\t\t\t\t\t\t\t<span class=\"elementor-button-text\">L\u00e4het\u00e4<\/span>\n\t\t\t\t\t\t\t\t\t\t\t\t\t<\/span>\n\t\t\t\t\t<\/button>\n\t\t\t\t<\/div>\n\t\t\t<\/div>\n\t\t<\/form>\n\t\t\t\t\t\t<\/div>\n\t\t\t\t<\/div>\n\t\t\t\t\t<\/div>\n\t\t\t\t<\/div>\n\t\t<div class=\"elementor-element elementor-element-80ca288 e-flex e-con-boxed e-con e-parent\" data-id=\"80ca288\" data-element_type=\"container\" data-e-type=\"container\" data-settings=\"{&quot;background_background&quot;:&quot;classic&quot;}\">\n\t\t\t\t\t<div class=\"e-con-inner\">\n\t\t\t\t<div class=\"elementor-element elementor-element-e5bbe8b elementor-widget elementor-widget-heading\" data-id=\"e5bbe8b\" data-element_type=\"widget\" data-e-type=\"widget\" data-widget_type=\"heading.default\">\n\t\t\t\t\t<h3 class=\"elementor-heading-title elementor-size-default\">Henkil\u00f6kuntamme<\/h3>\t\t\t\t<\/div>\n\t\t\t\t\t<\/div>\n\t\t\t\t<\/div>\n\t\t<div class=\"elementor-element elementor-element-40dadb1 e-flex e-con-boxed e-con e-parent\" data-id=\"40dadb1\" data-element_type=\"container\" data-e-type=\"container\" data-settings=\"{&quot;background_background&quot;:&quot;classic&quot;}\">\n\t\t\t\t\t<div class=\"e-con-inner\">\n\t\t<div class=\"elementor-element elementor-element-2105292 e-con-full e-flex e-con e-child\" data-id=\"2105292\" data-element_type=\"container\" data-e-type=\"container\" data-settings=\"{&quot;background_background&quot;:&quot;classic&quot;}\">\n\t\t<div class=\"elementor-element elementor-element-7cbcad4 e-con-full e-flex e-con e-child\" data-id=\"7cbcad4\" data-element_type=\"container\" data-e-type=\"container\" data-settings=\"{&quot;background_background&quot;:&quot;classic&quot;}\">\n\t\t\t\t<\/div>\n\t\t\t\t<div class=\"elementor-element elementor-element-9e54697 elementor-widget elementor-widget-heading\" data-id=\"9e54697\" data-element_type=\"widget\" data-e-type=\"widget\" data-widget_type=\"heading.default\">\n\t\t\t\t\t<h6 class=\"elementor-heading-title elementor-size-default\">Mikaela Wikman<\/h6>\t\t\t\t<\/div>\n\t\t\t\t<div class=\"elementor-element elementor-element-3fa69b3 elementor-widget elementor-widget-heading\" data-id=\"3fa69b3\" data-element_type=\"widget\" data-e-type=\"widget\" data-widget_type=\"heading.default\">\n\t\t\t\t\t<h6 class=\"elementor-heading-title elementor-size-default\">Toimitusjohtaja<\/h6>\t\t\t\t<\/div>\n\t\t\t\t<\/div>\n\t\t<div class=\"elementor-element elementor-element-f53dc65 e-con-full e-flex e-con e-child\" data-id=\"f53dc65\" data-element_type=\"container\" data-e-type=\"container\" data-settings=\"{&quot;background_background&quot;:&quot;classic&quot;}\">\n\t\t<div class=\"elementor-element elementor-element-8ab1203 e-con-full e-flex e-con e-child\" data-id=\"8ab1203\" data-element_type=\"container\" data-e-type=\"container\" data-settings=\"{&quot;background_background&quot;:&quot;classic&quot;}\">\n\t\t\t\t<\/div>\n\t\t\t\t<div class=\"elementor-element elementor-element-ef6d089 elementor-widget elementor-widget-heading\" data-id=\"ef6d089\" data-element_type=\"widget\" data-e-type=\"widget\" data-widget_type=\"heading.default\">\n\t\t\t\t\t<h6 class=\"elementor-heading-title elementor-size-default\">Mathilda Westerback<\/h6>\t\t\t\t<\/div>\n\t\t\t\t<div class=\"elementor-element elementor-element-e0707d0 elementor-widget elementor-widget-heading\" data-id=\"e0707d0\" data-element_type=\"widget\" data-e-type=\"widget\" data-widget_type=\"heading.default\">\n\t\t\t\t\t<h6 class=\"elementor-heading-title elementor-size-default\"> Sairaanhoitaja<\/h6>\t\t\t\t<\/div>\n\t\t\t\t<\/div>\n\t\t<div class=\"elementor-element elementor-element-5923253 e-con-full e-flex e-con e-child\" data-id=\"5923253\" data-element_type=\"container\" data-e-type=\"container\" data-settings=\"{&quot;background_background&quot;:&quot;classic&quot;}\">\n\t\t<div class=\"elementor-element elementor-element-91765d6 e-con-full e-flex e-con e-child\" data-id=\"91765d6\" data-element_type=\"container\" data-e-type=\"container\" data-settings=\"{&quot;background_background&quot;:&quot;classic&quot;}\">\n\t\t\t\t<\/div>\n\t\t\t\t<div class=\"elementor-element elementor-element-d511ad4 elementor-widget elementor-widget-heading\" data-id=\"d511ad4\" data-element_type=\"widget\" data-e-type=\"widget\" data-widget_type=\"heading.default\">\n\t\t\t\t\t<h6 class=\"elementor-heading-title elementor-size-default\">Thanh Dinh<\/h6>\t\t\t\t<\/div>\n\t\t\t\t<div class=\"elementor-element elementor-element-1df6d7b elementor-widget elementor-widget-heading\" data-id=\"1df6d7b\" data-element_type=\"widget\" data-e-type=\"widget\" data-widget_type=\"heading.default\">\n\t\t\t\t\t<h6 class=\"elementor-heading-title elementor-size-default\">Sairaanhoitaja\/terveydenhoitaja<\/h6>\t\t\t\t<\/div>\n\t\t\t\t<\/div>\n\t\t<div class=\"elementor-element elementor-element-81d8d68 e-con-full e-flex e-con e-child\" data-id=\"81d8d68\" data-element_type=\"container\" data-e-type=\"container\" data-settings=\"{&quot;background_background&quot;:&quot;classic&quot;}\">\n\t\t<div class=\"elementor-element elementor-element-1d8d967 e-con-full e-flex e-con e-child\" data-id=\"1d8d967\" data-element_type=\"container\" data-e-type=\"container\" data-settings=\"{&quot;background_background&quot;:&quot;classic&quot;}\">\n\t\t\t\t<\/div>\n\t\t\t\t<div class=\"elementor-element elementor-element-7b3847c elementor-widget elementor-widget-heading\" data-id=\"7b3847c\" data-element_type=\"widget\" data-e-type=\"widget\" data-widget_type=\"heading.default\">\n\t\t\t\t\t<h6 class=\"elementor-heading-title elementor-size-default\">Peter Riddar<\/h6>\t\t\t\t<\/div>\n\t\t\t\t<div class=\"elementor-element elementor-element-b5f1b15 elementor-widget elementor-widget-heading\" data-id=\"b5f1b15\" data-element_type=\"widget\" data-e-type=\"widget\" data-widget_type=\"heading.default\">\n\t\t\t\t\t<h6 class=\"elementor-heading-title elementor-size-default\">Ty\u00f6terveysl\u00e4\u00e4k\u00e4ri, yleisl\u00e4\u00e4k\u00e4ri, keuhkosairauksien erikoisl\u00e4\u00e4k\u00e4ri<\/h6>\t\t\t\t<\/div>\n\t\t\t\t<\/div>\n\t\t<div class=\"elementor-element elementor-element-5acf05c e-con-full e-flex e-con e-child\" data-id=\"5acf05c\" data-element_type=\"container\" data-e-type=\"container\" data-settings=\"{&quot;background_background&quot;:&quot;classic&quot;}\">\n\t\t<div class=\"elementor-element elementor-element-fa9f8ab e-con-full e-flex e-con e-child\" data-id=\"fa9f8ab\" data-element_type=\"container\" data-e-type=\"container\" data-settings=\"{&quot;background_background&quot;:&quot;classic&quot;}\">\n\t\t\t\t<\/div>\n\t\t\t\t<div class=\"elementor-element elementor-element-76ba483 elementor-widget elementor-widget-heading\" data-id=\"76ba483\" data-element_type=\"widget\" data-e-type=\"widget\" data-widget_type=\"heading.default\">\n\t\t\t\t\t<h6 class=\"elementor-heading-title elementor-size-default\">Andr\u00e9 Engelholm<\/h6>\t\t\t\t<\/div>\n\t\t\t\t<div class=\"elementor-element elementor-element-e4379b4 elementor-widget elementor-widget-heading\" data-id=\"e4379b4\" data-element_type=\"widget\" data-e-type=\"widget\" data-widget_type=\"heading.default\">\n\t\t\t\t\t<h6 class=\"elementor-heading-title elementor-size-default\">Fysioterapeutti<\/h6>\t\t\t\t<\/div>\n\t\t\t\t<\/div>\n\t\t<div class=\"elementor-element elementor-element-fd3f4d6 e-con-full e-flex e-con e-child\" data-id=\"fd3f4d6\" data-element_type=\"container\" data-e-type=\"container\" data-settings=\"{&quot;background_background&quot;:&quot;classic&quot;}\">\n\t\t<div class=\"elementor-element elementor-element-5e68057 e-con-full e-flex e-con e-child\" data-id=\"5e68057\" data-element_type=\"container\" data-e-type=\"container\" data-settings=\"{&quot;background_background&quot;:&quot;classic&quot;}\">\n\t\t\t\t<\/div>\n\t\t\t\t<div class=\"elementor-element elementor-element-ef4dc8d elementor-widget elementor-widget-heading\" data-id=\"ef4dc8d\" data-element_type=\"widget\" data-e-type=\"widget\" data-widget_type=\"heading.default\">\n\t\t\t\t\t<h6 class=\"elementor-heading-title elementor-size-default\">Mikaela Lundell<\/h6>\t\t\t\t<\/div>\n\t\t\t\t<div class=\"elementor-element elementor-element-11629d0 elementor-widget elementor-widget-heading\" data-id=\"11629d0\" data-element_type=\"widget\" data-e-type=\"widget\" data-widget_type=\"heading.default\">\n\t\t\t\t\t<h6 class=\"elementor-heading-title elementor-size-default\">Palvelup\u00e4\u00e4llikk\u00f6<\/h6>\t\t\t\t<\/div>\n\t\t\t\t<\/div>\n\t\t<div class=\"elementor-element elementor-element-ef8f5c1 e-con-full e-flex e-con e-child\" data-id=\"ef8f5c1\" data-element_type=\"container\" data-e-type=\"container\" data-settings=\"{&quot;background_background&quot;:&quot;classic&quot;}\">\n\t\t<div class=\"elementor-element elementor-element-20dc706 e-con-full e-flex e-con e-child\" data-id=\"20dc706\" data-element_type=\"container\" data-e-type=\"container\" data-settings=\"{&quot;background_background&quot;:&quot;classic&quot;}\">\n\t\t\t\t<\/div>\n\t\t\t\t<div class=\"elementor-element elementor-element-dc6ba71 elementor-widget elementor-widget-heading\" data-id=\"dc6ba71\" data-element_type=\"widget\" data-e-type=\"widget\" data-widget_type=\"heading.default\">\n\t\t\t\t\t<h6 class=\"elementor-heading-title elementor-size-default\">Julia Nummela<\/h6>\t\t\t\t<\/div>\n\t\t\t\t<div class=\"elementor-element elementor-element-a538f5a elementor-widget elementor-widget-heading\" data-id=\"a538f5a\" data-element_type=\"widget\" data-e-type=\"widget\" data-widget_type=\"heading.default\">\n\t\t\t\t\t<h6 class=\"elementor-heading-title elementor-size-default\">Vastaava ty\u00f6terveyshoitaja<\/h6>\t\t\t\t<\/div>\n\t\t\t\t<\/div>\n\t\t<div class=\"elementor-element elementor-element-2b60af7 e-con-full e-flex e-con e-child\" data-id=\"2b60af7\" data-element_type=\"container\" data-e-type=\"container\" data-settings=\"{&quot;background_background&quot;:&quot;classic&quot;}\">\n\t\t<div class=\"elementor-element elementor-element-048a6b9 e-con-full e-flex e-con e-child\" data-id=\"048a6b9\" data-element_type=\"container\" data-e-type=\"container\" data-settings=\"{&quot;background_background&quot;:&quot;classic&quot;}\">\n\t\t\t\t<\/div>\n\t\t\t\t<div class=\"elementor-element elementor-element-6e29b8a elementor-widget elementor-widget-heading\" data-id=\"6e29b8a\" data-element_type=\"widget\" data-e-type=\"widget\" data-widget_type=\"heading.default\">\n\t\t\t\t\t<h6 class=\"elementor-heading-title elementor-size-default\">Mariah \u00c5hman<\/h6>\t\t\t\t<\/div>\n\t\t\t\t<div class=\"elementor-element elementor-element-b0950f6 elementor-widget elementor-widget-heading\" data-id=\"b0950f6\" data-element_type=\"widget\" data-e-type=\"widget\" data-widget_type=\"heading.default\">\n\t\t\t\t\t<h6 class=\"elementor-heading-title elementor-size-default\">Ty\u00f6terveyshoitaja<\/h6>\t\t\t\t<\/div>\n\t\t\t\t<\/div>\n\t\t\t\t\t<\/div>\n\t\t\t\t<\/div>\n\t\t\t\t<\/div>\n\t\t","protected":false},"excerpt":{"rendered":"<p>Meist\u00e4 Sinun Apusi on paikallinen terveys- ja hoivayritys, jolla on vastaanotto N\u00e4rpi\u00f6ss\u00e4. Nykyisin ty\u00f6llist\u00e4mme noin 15 sitoutunutta ty\u00f6ntekij\u00e4\u00e4 ja tarjoamme hoivapalveluja, joissa painotetaan laatua, saavutettavuutta ja henkil\u00f6kohtaista palvelua. Toiminta alkoi alun perin ty\u00f6voiman vuokraukseen ja kotihoitoon keskittyen. Vuosien varrella toiminta on kasvanut alueen tarpeiden mukaan. Ensin lis\u00e4ttiin kotisairaanhoito, sen j\u00e4lkeen ty\u00f6terveyshuolto, sairaanhoitovastaanotto ja laboratoriopalvelut. Vuonna [&hellip;]<\/p>\n","protected":false},"author":1,"featured_media":0,"parent":0,"menu_order":0,"comment_status":"closed","ping_status":"closed","template":"","meta":{"footnotes":""},"class_list":["post-629","page","type-page","status-publish","hentry"],"_links":{"self":[{"href":"https:\/\/dinhjalp.fi\/fi\/wp-json\/wp\/v2\/pages\/629","targetHints":{"allow":["GET"]}}],"collection":[{"href":"https:\/\/dinhjalp.fi\/fi\/wp-json\/wp\/v2\/pages"}],"about":[{"href":"https:\/\/dinhjalp.fi\/fi\/wp-json\/wp\/v2\/types\/page"}],"author":[{"embeddable":true,"href":"https:\/\/dinhjalp.fi\/fi\/wp-json\/wp\/v2\/users\/1"}],"replies":[{"embeddable":true,"href":"https:\/\/dinhjalp.fi\/fi\/wp-json\/wp\/v2\/comments?post=629"}],"version-history":[{"count":4,"href":"https:\/\/dinhjalp.fi\/fi\/wp-json\/wp\/v2\/pages\/629\/revisions"}],"predecessor-version":[{"id":879,"href":"https:\/\/dinhjalp.fi\/fi\/wp-json\/wp\/v2\/pages\/629\/revisions\/879"}],"wp:attachment":[{"href":"https:\/\/dinhjalp.fi\/fi\/wp-json\/wp\/v2\/media?parent=629"}],"curies":[{"name":"wp","href":"https:\/\/api.w.org\/{rel}","templated":true}]}}